{"id":884,"date":"2023-06-21T16:33:57","date_gmt":"2023-06-21T14:33:57","guid":{"rendered":"https:\/\/soniamelchor.difadi.net\/?page_id=884"},"modified":"2023-08-24T13:23:14","modified_gmt":"2023-08-24T11:23:14","slug":"declaracion-de-accesibilidad","status":"publish","type":"page","link":"https:\/\/soniamelchor.com\/en\/declaracion-de-accesibilidad\/","title":{"rendered":"Declaraci\u00f3n de accesibilidad"},"content":{"rendered":"<p><strong>Sonia Melchor Salda\u00f1a<\/strong> se compromete a hacer accesible su sitio web, de conformidad con el <a href=\"https:\/\/www.boe.es\/buscar\/act.php?id=BOE-A-2018-12699\" target=\"_blank\" rel=\"noopener\">Real Decreto 1112\/2018<\/a>, de 7 de septiembre, sobre accesibilidad de los sitios web y aplicaciones<\/p>\n<p>Esta declaraci\u00f3n de accesibilidad se aplica a <a href=\"https:\/\/soniamelchor.com\/en\/\">www.soniamelchor.com<\/a><\/p>\n<p><strong>Situaci\u00f3n de cumplimiento:<\/strong><\/p>\n<p>Este sitio web es parcialmente conforme con la norma UNE-EN 301549:2019 (equivalente a los requisitos de nivel de conformidad A y AA de WCAG 2.1) debido a las excepciones que se indican a continuaci\u00f3n.<\/p>\n<p>Contenido no accesible<\/p>\n<ul>\n<li>Falta de conformidad con el Real Decreto 1112\/2018, de 7 de septiembre: podr\u00edan existir fallos puntuales de edici\u00f3n en alguna p\u00e1gina web, tanto en contenidos HTML como en documentos finales, publicados en fecha posterior al 20 de septiembre de 2018 (fecha de entrada en vigor del Real Decreto 1112\/2018, de 7 de septiembre). Concretamente puede haber errores en aquellos documentos que contienen gr\u00e1ficos, tablas complejas o en aquellos firmados electr\u00f3nicamente antes de su revisi\u00f3n de accesibilidad.<\/li>\n<li>El contenido no entra dentro del \u00e1mbito de la legislaci\u00f3n aplicable.<\/li>\n<li>Podr\u00edan existir fallos puntuales de edici\u00f3n en alguna p\u00e1gina que se solventar\u00e1n en cuanto se detecten.<\/li>\n<\/ul>\n<p>&nbsp;<\/p>\n<p><strong>Preparaci\u00f3n de la declaraci\u00f3n de accesibilidad:<\/strong><\/p>\n<p>La presente declaraci\u00f3n fue preparada el 27\/08\/2023.<\/p>\n<p>El m\u00e9todo empleado para preparar la declaraci\u00f3n ha sido una autoevaluaci\u00f3n llevada a cabo por la propia empresa.<\/p>\n<p>\u00daltima revisi\u00f3n de la declaraci\u00f3n: 27\/08\/2023.<\/p>\n<p><strong>Observaciones y datos de contacto:<\/strong><\/p>\n<p>Puede trasladar cualquier sugerencia, duda o aclaraci\u00f3n sobre los requisitos de accesibilidad a trav\u00e9s del correo electr\u00f3nico <a href=\"mailto:coach@soniamelchor.com\">coach@soniamelchor.com<\/a> como, por ejemplo:<\/p>\n<ul>\n<li>Informar sobre cualquier posible incumplimiento por parte de este sitio web<\/li>\n<li>Transmitir otras dificultades de acceso al contenido<\/li>\n<li>Formular cualquier otra consulta o sugerencia de mejora relativa a la accesibilidad del sitio web<\/li>\n<\/ul>\n<p>&nbsp;<\/p>\n<p><strong>Contenido opcional:<\/strong><\/p>\n<p>La versi\u00f3n actualmente visible de este sitio web es de agosto de 2023\u2013\u2013 y en esa fecha se hizo la revisi\u00f3n del nivel de accesibilidad vigente en aquel momento.<\/p>\n<p>A partir de dicha fecha se llevan a cabo revisiones parciales peri\u00f3dicas del contenido web nuevo o modificado, tanto de las plantillas como de las p\u00e1ginas y documentos finales publicados, a fin de asegurar el cumplimiento de los requerimientos de accesibilidad de la Norma UNE-EN 301549:2019, considerando las excepciones del Real Decreto 1112\/2018, de 7 de septiembre.<\/p>\n<p>Entre otras se adoptan las siguientes medidas para facilitar la accesibilidad:<\/p>\n<ul>\n<li>Utilizaci\u00f3n de texto alternativo en las im\u00e1genes<\/li>\n<li>Los enlaces ofrecen detalles de la funci\u00f3n o destino del hiperv\u00ednculo<\/li>\n<li>Uso de los est\u00e1ndares del W3C: XHTML 1.0, CSS 3.0, WAI AA.<\/li>\n<\/ul>\n<p>&nbsp;<\/p>\n<p>&nbsp;<\/p>","protected":false},"excerpt":{"rendered":"<p>Sonia Melchor Salda\u00f1a se compromete a hacer accesible su sitio web, de conformidad con el Real Decreto 1112\/2018, de 7 de septiembre, sobre accesibilidad de los sitios web y aplicaciones Esta declaraci\u00f3n de accesibilidad se aplica a www.soniamelchor.com Situaci\u00f3n de cumplimiento: Este sitio web es parcialmente conforme con la norma UNE-EN 301549:2019 (equivalente a los [&hellip;]<\/p>","protected":false},"author":1,"featured_media":0,"parent":0,"menu_order":0,"comment_status":"closed","ping_status":"closed","template":"","meta":{"footnotes":""},"class_list":["post-884","page","type-page","status-publish","hentry"],"_links":{"self":[{"href":"https:\/\/soniamelchor.com\/en\/wp-json\/wp\/v2\/pages\/884","targetHints":{"allow":["GET"]}}],"collection":[{"href":"https:\/\/soniamelchor.com\/en\/wp-json\/wp\/v2\/pages"}],"about":[{"href":"https:\/\/soniamelchor.com\/en\/wp-json\/wp\/v2\/types\/page"}],"author":[{"embeddable":true,"href":"https:\/\/soniamelchor.com\/en\/wp-json\/wp\/v2\/users\/1"}],"replies":[{"embeddable":true,"href":"https:\/\/soniamelchor.com\/en\/wp-json\/wp\/v2\/comments?post=884"}],"version-history":[{"count":2,"href":"https:\/\/soniamelchor.com\/en\/wp-json\/wp\/v2\/pages\/884\/revisions"}],"predecessor-version":[{"id":1104,"href":"https:\/\/soniamelchor.com\/en\/wp-json\/wp\/v2\/pages\/884\/revisions\/1104"}],"wp:attachment":[{"href":"https:\/\/soniamelchor.com\/en\/wp-json\/wp\/v2\/media?parent=884"}],"curies":[{"name":"wp","href":"https:\/\/api.w.org\/{rel}","templated":true}]}}