{"id":29,"date":"2023-06-13T11:57:30","date_gmt":"2023-06-13T09:57:30","guid":{"rendered":"https:\/\/soniamelchor.difadi.net\/?page_id=29"},"modified":"2023-06-13T11:57:43","modified_gmt":"2023-06-13T09:57:43","slug":"politica-de-privacidad","status":"publish","type":"page","link":"https:\/\/soniamelchor.com\/en\/politica-de-privacidad\/","title":{"rendered":"Pol\u00edtica de privacidad"},"content":{"rendered":"<p>Sonia Melchor Salda\u00f1a ha adecuado esta web a las exigencias de la Ley Org\u00e1nica 15\/1999, de 13 de diciembre, de Protecci\u00f3n de Datos de Car\u00e1cter Personal (LOPD), y al Real Decreto 1720\/2007, de 21 de diciembre, conocido como el Reglamento de desarrollo de la LOPD. Cumple tambi\u00e9n con el Reglamento (UE) 2016\/679 del Parlamento Europeo y del Consejo de 27 de abril de 2016 relativo a la protecci\u00f3n de las personas f\u00edsicas (RGPD), as\u00ed como con la Ley 34\/2002, de 11 de julio, de Servicios de la Sociedad de la Informaci\u00f3n y Comercio Electr\u00f3nico (LSSICE o LSSI).<\/p>\n<p><b>Responsable del tratamiento de tus datos personales<\/b><\/p>\n<ul>\n<li><b>Identidad del Responsable:\u00a0<\/b>Sonia Melchor Salda\u00f1a<\/li>\n<li><b>Nombre comercial:<\/b>\u00a0soniamelchor.com<\/li>\n<li><b>Correo electr\u00f3nico:<\/b>\u00a0coach@soniamelchor.com<\/li>\n<li><b>Actividad:<\/b>\u00a0Blog<\/li>\n<\/ul>\n<p>A efectos de lo previsto en el Reglamento General de Protecci\u00f3n de Datos antes citado, los datos personales que me env\u00edes a trav\u00e9s de los formularios de la web, recibir\u00e1n el tratamiento de datos de \u201cUsuarios de la web y suscriptores\u201d.<\/p>\n<p>Para el tratamiento de datos de mis usuarios, implemento todas las medidas t\u00e9cnicas y organizativas de seguridad establecidas en la legislaci\u00f3n vigente.<\/p>","protected":false},"excerpt":{"rendered":"<p>Sonia Melchor Salda\u00f1a ha adecuado esta web a las exigencias de la Ley Org\u00e1nica 15\/1999, de 13 de diciembre, de Protecci\u00f3n de Datos de Car\u00e1cter Personal (LOPD), y al Real Decreto 1720\/2007, de 21 de diciembre, conocido como el Reglamento de desarrollo de la LOPD. Cumple tambi\u00e9n con el Reglamento (UE) 2016\/679 del Parlamento Europeo [&hellip;]<\/p>","protected":false},"author":1,"featured_media":0,"parent":0,"menu_order":0,"comment_status":"closed","ping_status":"closed","template":"","meta":{"footnotes":""},"class_list":["post-29","page","type-page","status-publish","hentry"],"_links":{"self":[{"href":"https:\/\/soniamelchor.com\/en\/wp-json\/wp\/v2\/pages\/29","targetHints":{"allow":["GET"]}}],"collection":[{"href":"https:\/\/soniamelchor.com\/en\/wp-json\/wp\/v2\/pages"}],"about":[{"href":"https:\/\/soniamelchor.com\/en\/wp-json\/wp\/v2\/types\/page"}],"author":[{"embeddable":true,"href":"https:\/\/soniamelchor.com\/en\/wp-json\/wp\/v2\/users\/1"}],"replies":[{"embeddable":true,"href":"https:\/\/soniamelchor.com\/en\/wp-json\/wp\/v2\/comments?post=29"}],"version-history":[{"count":1,"href":"https:\/\/soniamelchor.com\/en\/wp-json\/wp\/v2\/pages\/29\/revisions"}],"predecessor-version":[{"id":30,"href":"https:\/\/soniamelchor.com\/en\/wp-json\/wp\/v2\/pages\/29\/revisions\/30"}],"wp:attachment":[{"href":"https:\/\/soniamelchor.com\/en\/wp-json\/wp\/v2\/media?parent=29"}],"curies":[{"name":"wp","href":"https:\/\/api.w.org\/{rel}","templated":true}]}}