{"id":24,"date":"2023-06-13T11:39:49","date_gmt":"2023-06-13T09:39:49","guid":{"rendered":"https:\/\/soniamelchor.difadi.net\/?page_id=24"},"modified":"2024-09-02T12:38:28","modified_gmt":"2024-09-02T10:38:28","slug":"blog","status":"publish","type":"page","link":"https:\/\/soniamelchor.com\/en\/blog\/","title":{"rendered":"Blog"},"content":{"rendered":"<div data-elementor-type=\"wp-page\" data-elementor-id=\"24\" class=\"elementor elementor-24\" data-elementor-post-type=\"page\">\n\t\t\t\t\t\t<section class=\"elementor-section elementor-top-section elementor-element elementor-element-5efbb1bb elementor-section-boxed elementor-section-height-default elementor-section-height-default\" data-id=\"5efbb1bb\" data-element_type=\"section\" data-settings=\"{&quot;background_background&quot;:&quot;classic&quot;}\">\n\t\t\t\t\t\t\t<div class=\"elementor-background-overlay\"><\/div>\n\t\t\t\t\t\t\t<div class=\"elementor-container elementor-column-gap-no\">\n\t\t\t\t\t<div class=\"elementor-column elementor-col-50 elementor-top-column elementor-element elementor-element-5fc41c5b\" data-id=\"5fc41c5b\" data-element_type=\"column\">\n\t\t\t<div class=\"elementor-widget-wrap elementor-element-populated\">\n\t\t\t\t\t\t<div class=\"elementor-element elementor-element-fca8c5d elementor-widget elementor-widget-heading\" data-id=\"fca8c5d\" data-element_type=\"widget\" data-widget_type=\"heading.default\">\n\t\t\t\t<div class=\"elementor-widget-container\">\n\t\t\t<style>\/*! elementor - v3.23.0 - 05-08-2024 *\/\n.elementor-heading-title{padding:0;margin:0;line-height:1}.elementor-widget-heading .elementor-heading-title[class*=elementor-size-]>a{color:inherit;font-size:inherit;line-height:inherit}.elementor-widget-heading .elementor-heading-title.elementor-size-small{font-size:15px}.elementor-widget-heading .elementor-heading-title.elementor-size-medium{font-size:19px}.elementor-widget-heading .elementor-heading-title.elementor-size-large{font-size:29px}.elementor-widget-heading .elementor-heading-title.elementor-size-xl{font-size:39px}.elementor-widget-heading .elementor-heading-title.elementor-size-xxl{font-size:59px}<\/style><h2 class=\"elementor-heading-title elementor-size-default\">Te acompa\u00f1o en tu viaje de crecimiento y desarrollo personal<\/h2>\t\t<\/div>\n\t\t\t\t<\/div>\n\t\t\t\t\t<\/div>\n\t\t<\/div>\n\t\t\t\t<div class=\"elementor-column elementor-col-50 elementor-top-column elementor-element elementor-element-7ec343a\" data-id=\"7ec343a\" data-element_type=\"column\">\n\t\t\t<div class=\"elementor-widget-wrap elementor-element-populated\">\n\t\t\t\t\t\t<div class=\"elementor-element elementor-element-297070a0 elementor-widget elementor-widget-text-editor\" data-id=\"297070a0\" data-element_type=\"widget\" data-widget_type=\"text-editor.default\">\n\t\t\t\t<div class=\"elementor-widget-container\">\n\t\t\t<style>\/*! elementor - v3.23.0 - 05-08-2024 *\/\n.elementor-widget-text-editor.elementor-drop-cap-view-stacked .elementor-drop-cap{background-color:#69727d;color:#fff}.elementor-widget-text-editor.elementor-drop-cap-view-framed .elementor-drop-cap{color:#69727d;border:3px solid;background-color:transparent}.elementor-widget-text-editor:not(.elementor-drop-cap-view-default) .elementor-drop-cap{margin-top:8px}.elementor-widget-text-editor:not(.elementor-drop-cap-view-default) .elementor-drop-cap-letter{width:1em;height:1em}.elementor-widget-text-editor .elementor-drop-cap{float:left;text-align:center;line-height:1;font-size:50px}.elementor-widget-text-editor .elementor-drop-cap-letter{display:inline-block}<\/style>\t\t\t\t<p>Bienvenidos a mi blog. Aqu\u00ed encontrar\u00e1s un espacio dedicado al crecimiento personal, el desarrollo profesional y la transformaci\u00f3n positiva.\u00a0<\/p>\t\t\t\t\t\t<\/div>\n\t\t\t\t<\/div>\n\t\t\t\t\t<\/div>\n\t\t<\/div>\n\t\t\t\t\t<\/div>\n\t\t<\/section>\n\t\t\t\t<section class=\"elementor-section elementor-top-section elementor-element elementor-element-1f743a65 elementor-section-boxed elementor-section-height-default elementor-section-height-default\" data-id=\"1f743a65\" data-element_type=\"section\">\n\t\t\t\t\t\t<div class=\"elementor-container elementor-column-gap-no\">\n\t\t\t\t\t<div class=\"elementor-column elementor-col-100 elementor-top-column elementor-element elementor-element-544f3ea6\" data-id=\"544f3ea6\" data-element_type=\"column\">\n\t\t\t<div class=\"elementor-widget-wrap elementor-element-populated\">\n\t\t\t\t\t\t<div class=\"elementor-element elementor-element-8bbc461 elementor-grid-3 elementor-grid-tablet-2 elementor-grid-mobile-1 elementor-posts--thumbnail-top elementor-widget elementor-widget-posts\" data-id=\"8bbc461\" data-element_type=\"widget\" data-settings=\"{&quot;classic_columns&quot;:&quot;3&quot;,&quot;classic_columns_tablet&quot;:&quot;2&quot;,&quot;classic_columns_mobile&quot;:&quot;1&quot;,&quot;classic_row_gap&quot;:{&quot;unit&quot;:&quot;px&quot;,&quot;size&quot;:35,&quot;sizes&quot;:[]},&quot;classic_row_gap_tablet&quot;:{&quot;unit&quot;:&quot;px&quot;,&quot;size&quot;:&quot;&quot;,&quot;sizes&quot;:[]},&quot;classic_row_gap_mobile&quot;:{&quot;unit&quot;:&quot;px&quot;,&quot;size&quot;:&quot;&quot;,&quot;sizes&quot;:[]}}\" data-widget_type=\"posts.classic\">\n\t\t\t\t<div class=\"elementor-widget-container\">\n\t\t\t<link rel=\"stylesheet\" href=\"https:\/\/soniamelchor.com\/wp-content\/plugins\/elementor-pro\/assets\/css\/widget-posts.min.css?ver=1725273706\">\t\t<div class=\"elementor-posts-container elementor-posts elementor-posts--skin-classic elementor-grid\">\n\t\t\t\t<article class=\"elementor-post elementor-grid-item post-732 post type-post status-publish format-standard has-post-thumbnail hentry category-noticias\">\n\t\t\t\t<a class=\"elementor-post__thumbnail__link\" href=\"https:\/\/soniamelchor.com\/en\/noticias\/testimonio-de-sonia-melchor-saldana\/\" tabindex=\"-1\" >\n\t\t\t<div class=\"elementor-post__thumbnail\"><img fetchpriority=\"high\" decoding=\"async\" width=\"1920\" height=\"1282\" src=\"https:\/\/soniamelchor.com\/wp-content\/uploads\/2023\/06\/testimonio-sonia.jpg\" class=\"attachment-full size-full wp-image-954\" alt=\"\" srcset=\"https:\/\/soniamelchor.com\/wp-content\/uploads\/2023\/06\/testimonio-sonia.jpg 1920w, https:\/\/soniamelchor.com\/wp-content\/uploads\/2023\/06\/testimonio-sonia-300x200.jpg 300w, https:\/\/soniamelchor.com\/wp-content\/uploads\/2023\/06\/testimonio-sonia-1024x684.jpg 1024w, https:\/\/soniamelchor.com\/wp-content\/uploads\/2023\/06\/testimonio-sonia-768x513.jpg 768w, https:\/\/soniamelchor.com\/wp-content\/uploads\/2023\/06\/testimonio-sonia-1536x1026.jpg 1536w, https:\/\/soniamelchor.com\/wp-content\/uploads\/2023\/06\/testimonio-sonia-18x12.jpg 18w\" sizes=\"(max-width: 1920px) 100vw, 1920px\" \/><\/div>\n\t\t<\/a>\n\t\t\t\t<div class=\"elementor-post__text\">\n\t\t\t\t<h3 class=\"elementor-post__title\">\n\t\t\t<a href=\"https:\/\/soniamelchor.com\/en\/noticias\/testimonio-de-sonia-melchor-saldana\/\" >\n\t\t\t\tTestimonio de Sonia Melchor Salda\u00f1a\t\t\t<\/a>\n\t\t<\/h3>\n\t\t\t\t<div class=\"elementor-post__meta-data\">\n\t\t\t\t\t<span class=\"elementor-post-date\">\n\t\t\t20 de June de 2023\t\t<\/span>\n\t\t\t\t<\/div>\n\t\t\t\t<div class=\"elementor-post__excerpt\">\n\t\t\t<p>\u00bfQui\u00e9n es Sonia Melchor? Me considero una persona generosa, honesta, optimista, perseverante y proactiva. Soy \u00fanica como Coach detectando el talento de las personas. Experta<\/p>\n\t\t<\/div>\n\t\t\t\t\t<div class=\"elementor-post__read-more-wrapper\">\n\t\t\n\t\t<a class=\"elementor-post__read-more\" href=\"https:\/\/soniamelchor.com\/en\/noticias\/testimonio-de-sonia-melchor-saldana\/\" aria-label=\"Read more about Testimonio de Sonia Melchor Salda\u00f1a\" tabindex=\"-1\" >\n\t\t\tLeer m\u00e1s \u00bb\t\t<\/a>\n\n\t\t\t\t\t<\/div>\n\t\t\t\t<\/div>\n\t\t\t\t<\/article>\n\t\t\t\t<article class=\"elementor-post elementor-grid-item post-730 post type-post status-publish format-standard has-post-thumbnail hentry category-noticias\">\n\t\t\t\t<a class=\"elementor-post__thumbnail__link\" href=\"https:\/\/soniamelchor.com\/en\/noticias\/que-es-el-coaching-en-estado-puro\/\" tabindex=\"-1\" >\n\t\t\t<div class=\"elementor-post__thumbnail\"><img decoding=\"async\" width=\"1920\" height=\"1282\" src=\"https:\/\/soniamelchor.com\/wp-content\/uploads\/2023\/06\/Que-es-el-Coaching-en-estado-Puro.jpg\" class=\"attachment-full size-full wp-image-955\" alt=\"\" srcset=\"https:\/\/soniamelchor.com\/wp-content\/uploads\/2023\/06\/Que-es-el-Coaching-en-estado-Puro.jpg 1920w, https:\/\/soniamelchor.com\/wp-content\/uploads\/2023\/06\/Que-es-el-Coaching-en-estado-Puro-300x200.jpg 300w, https:\/\/soniamelchor.com\/wp-content\/uploads\/2023\/06\/Que-es-el-Coaching-en-estado-Puro-1024x684.jpg 1024w, https:\/\/soniamelchor.com\/wp-content\/uploads\/2023\/06\/Que-es-el-Coaching-en-estado-Puro-768x513.jpg 768w, https:\/\/soniamelchor.com\/wp-content\/uploads\/2023\/06\/Que-es-el-Coaching-en-estado-Puro-1536x1026.jpg 1536w, https:\/\/soniamelchor.com\/wp-content\/uploads\/2023\/06\/Que-es-el-Coaching-en-estado-Puro-18x12.jpg 18w\" sizes=\"(max-width: 1920px) 100vw, 1920px\" \/><\/div>\n\t\t<\/a>\n\t\t\t\t<div class=\"elementor-post__text\">\n\t\t\t\t<h3 class=\"elementor-post__title\">\n\t\t\t<a href=\"https:\/\/soniamelchor.com\/en\/noticias\/que-es-el-coaching-en-estado-puro\/\" >\n\t\t\t\tQu\u00e9 es el Coaching en estado Puro\t\t\t<\/a>\n\t\t<\/h3>\n\t\t\t\t<div class=\"elementor-post__meta-data\">\n\t\t\t\t\t<span class=\"elementor-post-date\">\n\t\t\t20 de June de 2023\t\t<\/span>\n\t\t\t\t<\/div>\n\t\t\t\t<div class=\"elementor-post__excerpt\">\n\t\t\t<p>Coaching en Estado Puro representa una nueva corriente, dentro del Coaching personal y ejecutivo. Una visi\u00f3n diferente, integradora y muy efectiva en el acompa\u00f1amiento y<\/p>\n\t\t<\/div>\n\t\t\t\t\t<div class=\"elementor-post__read-more-wrapper\">\n\t\t\n\t\t<a class=\"elementor-post__read-more\" href=\"https:\/\/soniamelchor.com\/en\/noticias\/que-es-el-coaching-en-estado-puro\/\" aria-label=\"Read more about Qu\u00e9 es el Coaching en estado Puro\" tabindex=\"-1\" >\n\t\t\tLeer m\u00e1s \u00bb\t\t<\/a>\n\n\t\t\t\t\t<\/div>\n\t\t\t\t<\/div>\n\t\t\t\t<\/article>\n\t\t\t\t<article class=\"elementor-post elementor-grid-item post-728 post type-post status-publish format-standard has-post-thumbnail hentry category-noticias\">\n\t\t\t\t<a class=\"elementor-post__thumbnail__link\" href=\"https:\/\/soniamelchor.com\/en\/noticias\/coaching-voluntariado\/\" tabindex=\"-1\" >\n\t\t\t<div class=\"elementor-post__thumbnail\"><img decoding=\"async\" width=\"1832\" height=\"1224\" src=\"https:\/\/soniamelchor.com\/wp-content\/uploads\/2023\/07\/2.PLANTEAMOS-LAS-SESIONES.jpg\" class=\"attachment-full size-full wp-image-931\" alt=\"\" srcset=\"https:\/\/soniamelchor.com\/wp-content\/uploads\/2023\/07\/2.PLANTEAMOS-LAS-SESIONES.jpg 1832w, https:\/\/soniamelchor.com\/wp-content\/uploads\/2023\/07\/2.PLANTEAMOS-LAS-SESIONES-300x200.jpg 300w, https:\/\/soniamelchor.com\/wp-content\/uploads\/2023\/07\/2.PLANTEAMOS-LAS-SESIONES-1024x684.jpg 1024w, https:\/\/soniamelchor.com\/wp-content\/uploads\/2023\/07\/2.PLANTEAMOS-LAS-SESIONES-768x513.jpg 768w, https:\/\/soniamelchor.com\/wp-content\/uploads\/2023\/07\/2.PLANTEAMOS-LAS-SESIONES-1536x1026.jpg 1536w, https:\/\/soniamelchor.com\/wp-content\/uploads\/2023\/07\/2.PLANTEAMOS-LAS-SESIONES-18x12.jpg 18w\" sizes=\"(max-width: 1832px) 100vw, 1832px\" \/><\/div>\n\t\t<\/a>\n\t\t\t\t<div class=\"elementor-post__text\">\n\t\t\t\t<h3 class=\"elementor-post__title\">\n\t\t\t<a href=\"https:\/\/soniamelchor.com\/en\/noticias\/coaching-voluntariado\/\" >\n\t\t\t\tCoaching &#038; Voluntariado\t\t\t<\/a>\n\t\t<\/h3>\n\t\t\t\t<div class=\"elementor-post__meta-data\">\n\t\t\t\t\t<span class=\"elementor-post-date\">\n\t\t\t20 de June de 2023\t\t<\/span>\n\t\t\t\t<\/div>\n\t\t\t\t<div class=\"elementor-post__excerpt\">\n\t\t\t<p>\u00bfQu\u00e9 es APACE? Amor Paz Aceptaci\u00f3n Compromiso Excelencia &nbsp; \u00bfQu\u00e9 es APACE BURGOS para Sonia Melchor?. Apace Burgos ha sido mi catalizador y mi br\u00fajula<\/p>\n\t\t<\/div>\n\t\t\t\t\t<div class=\"elementor-post__read-more-wrapper\">\n\t\t\n\t\t<a class=\"elementor-post__read-more\" href=\"https:\/\/soniamelchor.com\/en\/noticias\/coaching-voluntariado\/\" aria-label=\"Read more about Coaching &#038; Voluntariado\" tabindex=\"-1\" >\n\t\t\tLeer m\u00e1s \u00bb\t\t<\/a>\n\n\t\t\t\t\t<\/div>\n\t\t\t\t<\/div>\n\t\t\t\t<\/article>\n\t\t\t\t<\/div>\n\t\t\n\t\t\t\t<\/div>\n\t\t\t\t<\/div>\n\t\t\t\t\t<\/div>\n\t\t<\/div>\n\t\t\t\t\t<\/div>\n\t\t<\/section>\n\t\t\t\t<\/div>","protected":false},"excerpt":{"rendered":"<p>Te acompa\u00f1o en tu viaje de crecimiento y desarrollo personal Bienvenidos a mi blog. Aqu\u00ed encontrar\u00e1s un espacio dedicado al crecimiento personal, el desarrollo profesional y la transformaci\u00f3n positiva.\u00a0<\/p>","protected":false},"author":1,"featured_media":0,"parent":0,"menu_order":0,"comment_status":"closed","ping_status":"closed","template":"","meta":{"footnotes":""},"class_list":["post-24","page","type-page","status-publish","hentry"],"_links":{"self":[{"href":"https:\/\/soniamelchor.com\/en\/wp-json\/wp\/v2\/pages\/24","targetHints":{"allow":["GET"]}}],"collection":[{"href":"https:\/\/soniamelchor.com\/en\/wp-json\/wp\/v2\/pages"}],"about":[{"href":"https:\/\/soniamelchor.com\/en\/wp-json\/wp\/v2\/types\/page"}],"author":[{"embeddable":true,"href":"https:\/\/soniamelchor.com\/en\/wp-json\/wp\/v2\/users\/1"}],"replies":[{"embeddable":true,"href":"https:\/\/soniamelchor.com\/en\/wp-json\/wp\/v2\/comments?post=24"}],"version-history":[{"count":28,"href":"https:\/\/soniamelchor.com\/en\/wp-json\/wp\/v2\/pages\/24\/revisions"}],"predecessor-version":[{"id":1153,"href":"https:\/\/soniamelchor.com\/en\/wp-json\/wp\/v2\/pages\/24\/revisions\/1153"}],"wp:attachment":[{"href":"https:\/\/soniamelchor.com\/en\/wp-json\/wp\/v2\/media?parent=24"}],"curies":[{"name":"wp","href":"https:\/\/api.w.org\/{rel}","templated":true}]}}